{"id":2,"date":"2019-05-03T09:25:48","date_gmt":"2019-05-03T09:25:48","guid":{"rendered":"https:\/\/eptaeventi.it\/?page_id=2"},"modified":"2025-04-24T07:43:35","modified_gmt":"2025-04-24T07:43:35","slug":"sample-page","status":"publish","type":"page","link":"https:\/\/eptaeventi.it\/","title":{"rendered":""},"content":{"rendered":"\t\t<div data-elementor-type=\"wp-page\" data-elementor-id=\"2\" class=\"elementor elementor-2\">\n\t\t\t\t<div class=\"elementor-element elementor-element-2291a5fd e-flex e-con-boxed e-con e-parent\" data-id=\"2291a5fd\" data-element_type=\"container\" data-e-type=\"container\">\n\t\t\t\t\t<div class=\"e-con-inner\">\n\t\t\t\t<div class=\"elementor-element elementor-element-53e5570b elementor-widget elementor-widget-text-editor\" data-id=\"53e5570b\" data-element_type=\"widget\" data-e-type=\"widget\" data-widget_type=\"text-editor.default\">\n\t\t\t\t<div class=\"elementor-widget-container\">\n\t\t\t\t\t\t\t\t\t<div class=\"brz-root__container brz-reset-all brz brz-root__container-page\"><section id=\"_stoqbgvczfmtdkivkuwejaqwaptnylbdcxrz\" class=\"brz-section brz-css-t3oy3u\"><div class=\"brz-section__content brz-section--boxed brz-css-1dkbx41 brz-css-1mlqhth\" data-brz-custom-id=\"zarfukhdmatpemykegvnzyxyughuclmklrle\"><div class=\"brz-bg\"><strong>Epta Srl<\/strong> \u00e8 la societ\u00e0 di servizi di <strong>Confcommercio Umbria<\/strong>, specializzata da oltre quarant\u2019anni nella progettazione, organizzazione e gestione di <strong>grandi eventi e fiere<\/strong> su scala regionale e nazionale.<\/div><\/div><\/section><section id=\"_irhvkforrjhhiyeyxhogkjenummvukhmhndg\" class=\"brz-section brz-css-t3oy3u\"><div class=\"brz-slick-slider brz-slick-slider__section\" data-slides-to-show=\"1\" data-slides-to-scroll=\"1\" data-arrows=\"true\" data-dots=\"true\" data-dots-class=\"brz-slick-slider__dots brz-slick-slider__dots--circle\" data-fade=\"false\" data-vertical=\"false\" data-auto-play=\"false\" data-auto-play-speed=\"3000\" data-animation-speed=\"500\" data-swipe=\"true\" data-responsive=\"%5B%7B%22breakpoint%22%3A767%2C%22settings%22%3A%7B%22slidesToShow%22%3A1%2C%22slidesToScroll%22%3A1%7D%7D%5D\"><div>Con un\u2019esperienza consolidata e uno sguardo sempre rivolto al futuro, <strong>Epta<\/strong> si pone come partner strategico per tutte quelle realt\u00e0 \u2013 aziende, enti pubblici, associazioni di categoria \u2013 che desiderano valorizzare il proprio brand, raccontare il proprio progetto o costruire nuove opportunit\u00e0 di crescita attraverso eventi pensati su misura.<\/div><\/div><\/section><\/div><p><!-- version:1736958041 --><\/p>\t\t\t\t\t\t\t\t<\/div>\n\t\t\t\t<\/div>\n\t\t\t\t\t<\/div>\n\t\t\t\t<\/div>\n\t\t<div class=\"elementor-element elementor-element-e1ad1dc e-flex e-con-boxed e-con e-parent\" data-id=\"e1ad1dc\" data-element_type=\"container\" data-e-type=\"container\">\n\t\t\t\t\t<div class=\"e-con-inner\">\n\t\t<div class=\"elementor-element elementor-element-2ff1795 e-con-full e-flex e-con e-child\" data-id=\"2ff1795\" data-element_type=\"container\" data-e-type=\"container\">\n\t\t\t\t<div class=\"elementor-element elementor-element-96b0dee elementor-widget elementor-widget-text-editor\" data-id=\"96b0dee\" data-element_type=\"widget\" data-e-type=\"widget\" data-widget_type=\"text-editor.default\">\n\t\t\t\t<div class=\"elementor-widget-container\">\n\t\t\t\t\t\t\t\t\t<p><strong>Oltre 40 anni di esperienza, con lo sguardo al domani<\/strong><\/p>\t\t\t\t\t\t\t\t<\/div>\n\t\t\t\t<\/div>\n\t\t\t\t<\/div>\n\t\t<div class=\"elementor-element elementor-element-6eec3b4 e-con-full e-flex e-con e-child\" data-id=\"6eec3b4\" data-element_type=\"container\" data-e-type=\"container\">\n\t\t\t\t<div class=\"elementor-element elementor-element-355c1be elementor-widget__width-initial elementor-widget elementor-widget-text-editor\" data-id=\"355c1be\" data-element_type=\"widget\" data-e-type=\"widget\" data-widget_type=\"text-editor.default\">\n\t\t\t\t<div class=\"elementor-widget-container\">\n\t\t\t\t\t\t\t\t\t<div><strong>Epta<\/strong> ha firmato alcune tra le pi\u00f9 importanti manifestazioni fieristiche dell\u2019Umbria, contribuendo attivamente alla promozione del territorio, alla valorizzazione delle sue eccellenze produttive e allo sviluppo di reti commerciali sempre pi\u00f9 solide e strutturate.<\/div><p>La forza di Epta sta nella capacit\u00e0 di attuare una visione progettuale moderna, dinamica e orientata al risultato. Ogni evento \u00e8 pensato non solo come vetrina espositiva, ma come un vero e proprio <strong>ecosistema di relazioni, business, cultura e innovazione.<\/strong>.<\/p>\t\t\t\t\t\t\t\t<\/div>\n\t\t\t\t<\/div>\n\t\t\t\t<\/div>\n\t\t\t\t\t<\/div>\n\t\t\t\t<\/div>\n\t\t<div class=\"elementor-element elementor-element-763d5c7 e-flex e-con-boxed e-con e-parent\" data-id=\"763d5c7\" data-element_type=\"container\" data-e-type=\"container\">\n\t\t\t\t\t<div class=\"e-con-inner\">\n\t\t<div class=\"elementor-element elementor-element-830c586 e-con-full e-flex e-con e-child\" data-id=\"830c586\" data-element_type=\"container\" data-e-type=\"container\">\n\t\t\t\t<div class=\"elementor-element elementor-element-65ed2c6 elementor-widget elementor-widget-text-editor\" data-id=\"65ed2c6\" data-element_type=\"widget\" data-e-type=\"widget\" data-widget_type=\"text-editor.default\">\n\t\t\t\t<div class=\"elementor-widget-container\">\n\t\t\t\t\t\t\t\t\t<div><span style=\"font-weight: 700;\">Un team, una visione, tante opportunit\u00e0<\/span><\/div><div><span style=\"font-weight: 700;\"><br><\/span><\/div>\t\t\t\t\t\t\t\t<\/div>\n\t\t\t\t<\/div>\n\t\t\t\t<\/div>\n\t\t<div class=\"elementor-element elementor-element-186cc3d e-con-full e-flex e-con e-child\" data-id=\"186cc3d\" data-element_type=\"container\" data-e-type=\"container\">\n\t\t\t\t<div class=\"elementor-element elementor-element-b1e4c35 elementor-widget elementor-widget-text-editor\" data-id=\"b1e4c35\" data-element_type=\"widget\" data-e-type=\"widget\" data-widget_type=\"text-editor.default\">\n\t\t\t\t<div class=\"elementor-widget-container\">\n\t\t\t\t\t\t\t\t\t<div>\u00a0Alla base del lavoro di Epta c\u2019\u00e8 un <strong>team multidisciplinare<\/strong> con competenze trasversali: professionisti capaci di seguire ogni fase del processo organizzativo \u2013 dalla progettazione alla realizzazione \u2013 con un approccio personalizzato, creativo e altamente professionale.<\/div><div>Ogni evento \u00e8 costruito insieme ai suoi protagonisti: aziende espositrici, sponsor, partner istituzionali e stakeholder del territorio. L\u2019obiettivo \u00e8 creare <strong>eventi vivi, funzionali, capaci di generare valore e costruire connessioni durature.<\/strong><\/div>\t\t\t\t\t\t\t\t<\/div>\n\t\t\t\t<\/div>\n\t\t\t\t<\/div>\n\t\t\t\t\t<\/div>\n\t\t\t\t<\/div>\n\t\t<div class=\"elementor-element elementor-element-71df3d8 e-flex e-con-boxed e-con e-parent\" data-id=\"71df3d8\" data-element_type=\"container\" data-e-type=\"container\">\n\t\t\t\t\t<div class=\"e-con-inner\">\n\t\t<div class=\"elementor-element elementor-element-f844a8a e-con-full e-flex e-con e-child\" data-id=\"f844a8a\" data-element_type=\"container\" data-e-type=\"container\">\n\t\t\t\t<div class=\"elementor-element elementor-element-16dcaf3 elementor-widget elementor-widget-text-editor\" data-id=\"16dcaf3\" data-element_type=\"widget\" data-e-type=\"widget\" data-widget_type=\"text-editor.default\">\n\t\t\t\t<div class=\"elementor-widget-container\">\n\t\t\t\t\t\t\t\t\t<p><strong>La mission: generare impatto concreto<\/strong><\/p>\t\t\t\t\t\t\t\t<\/div>\n\t\t\t\t<\/div>\n\t\t\t\t<\/div>\n\t\t<div class=\"elementor-element elementor-element-f7ebd83 e-con-full e-flex e-con e-child\" data-id=\"f7ebd83\" data-element_type=\"container\" data-e-type=\"container\">\n\t\t\t\t<div class=\"elementor-element elementor-element-c2d238c elementor-widget elementor-widget-text-editor\" data-id=\"c2d238c\" data-element_type=\"widget\" data-e-type=\"widget\" data-widget_type=\"text-editor.default\">\n\t\t\t\t<div class=\"elementor-widget-container\">\n\t\t\t\t\t\t\t\t\t<div>La mission di Epta \u00e8 chiara:\u00a0<span style=\"font-weight: bold;\">organizzare grandi eventi che generano valore<\/span>\u00a0per i territori, per il sistema economico locale e per tutte le aziende che vi prendono parte. Fiere ed eventi non sono solo occasioni espositive, ma strumenti concreti per:<\/div><div>\u2022\u00a0<span style=\"font-weight: bold;\">stimolare l\u2019economia locale e l\u2019incontro tra domanda e offerta<\/span><\/div><div><span style=\"font-weight: bold;\">\u2022 promuovere il turismo e l\u2019attrattivit\u00e0 territoriale<\/span><\/div><div><span style=\"font-weight: bold;\">\u2022 favorire l\u2019innovazione e il networking tra imprese<\/span><\/div><div><span style=\"font-weight: bold;\">\u2022 dare visibilit\u00e0 a settori produttivi strategici<\/span><\/div><div>Grazie a un know-how costantemente aggiornato e alla sinergia con il sistema associativo di Confcommercio, Epta \u00e8 in grado di intercettare le esigenze delle imprese e tradurle in progetti fieristici efficaci, coinvolgenti e di impatto.<\/div>\t\t\t\t\t\t\t\t<\/div>\n\t\t\t\t<\/div>\n\t\t\t\t<\/div>\n\t\t\t\t\t<\/div>\n\t\t\t\t<\/div>\n\t\t<div class=\"elementor-element elementor-element-147f282 e-flex e-con-boxed e-con e-parent\" data-id=\"147f282\" data-element_type=\"container\" data-e-type=\"container\">\n\t\t\t\t\t<div class=\"e-con-inner\">\n\t\t<div class=\"elementor-element elementor-element-d045b66 e-con-full e-flex e-con e-child\" data-id=\"d045b66\" data-element_type=\"container\" data-e-type=\"container\">\n\t\t\t\t<div class=\"elementor-element elementor-element-82b80c8 elementor-widget elementor-widget-text-editor\" data-id=\"82b80c8\" data-element_type=\"widget\" data-e-type=\"widget\" data-widget_type=\"text-editor.default\">\n\t\t\t\t<div class=\"elementor-widget-container\">\n\t\t\t\t\t\t\t\t\t<div><span style=\"font-weight: bold;\">Grandi eventi, grandi risultati<\/span><\/div><p>.<\/p>\t\t\t\t\t\t\t\t<\/div>\n\t\t\t\t<\/div>\n\t\t\t\t<\/div>\n\t\t<div class=\"elementor-element elementor-element-7b01e05 e-con-full e-flex e-con e-child\" data-id=\"7b01e05\" data-element_type=\"container\" data-e-type=\"container\">\n\t\t\t\t<div class=\"elementor-element elementor-element-370e332 elementor-widget elementor-widget-text-editor\" data-id=\"370e332\" data-element_type=\"widget\" data-e-type=\"widget\" data-widget_type=\"text-editor.default\">\n\t\t\t\t<div class=\"elementor-widget-container\">\n\t\t\t\t\t\t\t\t\t<div>\u00a0Nel tempo, Epta ha saputo trasformare eventi fieristici in <strong>brand riconoscibili e appuntamenti attesi<\/strong>, capaci di attrarre ogni anno migliaia di visitatori, operatori e media. Alcuni esempi? Manifestazioni come <em>Expo Casa, Expo Tecnocom e I primi d\u2019Italia<\/em> sono diventati veri e propri punti di riferimento per i rispettivi settori.<\/div><div>Ogni evento Epta \u00e8 una combinazione vincente di contenuti, innovazione, organizzazione e promozione. Tutto \u00e8 pensato per offrire <strong>un\u2019esperienza completa e professionale<\/strong> sia al pubblico che agli espositori: dagli allestimenti alla gestione degli spazi, dal piano di comunicazione alla digitalizzazione dei servizi.<\/div>\t\t\t\t\t\t\t\t<\/div>\n\t\t\t\t<\/div>\n\t\t\t\t<\/div>\n\t\t\t\t\t<\/div>\n\t\t\t\t<\/div>\n\t\t<div class=\"elementor-element elementor-element-5350938 e-flex e-con-boxed e-con e-parent\" data-id=\"5350938\" data-element_type=\"container\" data-e-type=\"container\">\n\t\t\t\t\t<div class=\"e-con-inner\">\n\t\t<div class=\"elementor-element elementor-element-7f5333d e-con-full e-flex e-con e-child\" data-id=\"7f5333d\" data-element_type=\"container\" data-e-type=\"container\">\n\t\t\t\t<div class=\"elementor-element elementor-element-75587fe elementor-widget elementor-widget-text-editor\" data-id=\"75587fe\" data-element_type=\"widget\" data-e-type=\"widget\" data-widget_type=\"text-editor.default\">\n\t\t\t\t<div class=\"elementor-widget-container\">\n\t\t\t\t\t\t\t\t\t<p><strong>Insieme alle imprese, per crescere<\/strong><\/p>\t\t\t\t\t\t\t\t<\/div>\n\t\t\t\t<\/div>\n\t\t\t\t<\/div>\n\t\t<div class=\"elementor-element elementor-element-69c5484 e-con-full e-flex e-con e-child\" data-id=\"69c5484\" data-element_type=\"container\" data-e-type=\"container\">\n\t\t\t\t<div class=\"elementor-element elementor-element-499a2fe elementor-widget elementor-widget-text-editor\" data-id=\"499a2fe\" data-element_type=\"widget\" data-e-type=\"widget\" data-widget_type=\"text-editor.default\">\n\t\t\t\t<div class=\"elementor-widget-container\">\n\t\t\t\t\t\t\t\t\t<div>In un contesto economico in continua evoluzione, Epta si conferma un <strong>partner affidabile<\/strong> per tutte le realt\u00e0 che vogliono <strong>potenziare la propria visibilit\u00e0, accrescere il business, entrare in contatto con nuovi mercati e raccontare al meglio la propria identit\u00e0.<\/strong><\/div><div>Con Epta, ogni evento \u00e8 un\u2019opportunit\u00e0 concreta per<strong> fare impresa, incontrare nuovi clienti, generare valore, fare rete.<\/strong><\/div>\t\t\t\t\t\t\t\t<\/div>\n\t\t\t\t<\/div>\n\t\t\t\t<\/div>\n\t\t\t\t\t<\/div>\n\t\t\t\t<\/div>\n\t\t<div class=\"elementor-element elementor-element-40b7e60 e-flex e-con-boxed e-con e-parent\" data-id=\"40b7e60\" data-element_type=\"container\" data-e-type=\"container\">\n\t\t\t\t\t<div class=\"e-con-inner\">\n\t\t\t\t<div class=\"elementor-element elementor-element-69d23fe elementor-widget elementor-widget-heading\" data-id=\"69d23fe\" data-element_type=\"widget\" data-e-type=\"widget\" data-widget_type=\"heading.default\">\n\t\t\t\t<div class=\"elementor-widget-container\">\n\t\t\t\t\t<h2 class=\"elementor-heading-title elementor-size-default\"><div><strong style=\"font-size: 1.5rem\">Epta. Da oltre 40 anni, il punto di riferimento per fiere ed eventi che lasciano il segno.<\/strong><\/div><\/h2>\t\t\t\t<\/div>\n\t\t\t\t<\/div>\n\t\t\t\t\t<\/div>\n\t\t\t\t<\/div>\n\t\t<div class=\"elementor-element elementor-element-551cd56 e-grid e-con-boxed e-con e-parent\" data-id=\"551cd56\" data-element_type=\"container\" data-e-type=\"container\">\n\t\t\t\t\t<div class=\"e-con-inner\">\n\t\t\t\t<div class=\"elementor-element elementor-element-46371ea elementor-widget-divider--view-line elementor-widget elementor-widget-divider\" data-id=\"46371ea\" data-element_type=\"widget\" data-e-type=\"widget\" data-widget_type=\"divider.default\">\n\t\t\t\t<div class=\"elementor-widget-container\">\n\t\t\t\t\t\t\t<div class=\"elementor-divider\">\n\t\t\t<span class=\"elementor-divider-separator\">\n\t\t\t\t\t\t<\/span>\n\t\t<\/div>\n\t\t\t\t\t\t<\/div>\n\t\t\t\t<\/div>\n\t\t\t\t<div class=\"elementor-element elementor-element-1baf0e3 elementor-widget elementor-widget-heading\" data-id=\"1baf0e3\" data-element_type=\"widget\" data-e-type=\"widget\" data-widget_type=\"heading.default\">\n\t\t\t\t<div class=\"elementor-widget-container\">\n\t\t\t\t\t<h3 class=\"elementor-heading-title elementor-size-default\">Gli eventi <b>di <\/b>Epta<\/h3>\t\t\t\t<\/div>\n\t\t\t\t<\/div>\n\t\t\t\t\t<\/div>\n\t\t\t\t<\/div>\n\t\t<div class=\"elementor-element elementor-element-9fd4b34 e-grid e-con-boxed e-con e-parent\" data-id=\"9fd4b34\" data-element_type=\"container\" data-e-type=\"container\">\n\t\t\t\t\t<div class=\"e-con-inner\">\n\t\t\t\t<div class=\"elementor-element elementor-element-299d5eb elementor-widget elementor-widget-image\" data-id=\"299d5eb\" data-element_type=\"widget\" data-e-type=\"widget\" data-widget_type=\"image.default\">\n\t\t\t\t<div class=\"elementor-widget-container\">\n\t\t\t\t\t\t\t\t\t\t\t\t\t\t\t<img fetchpriority=\"high\" decoding=\"async\" width=\"530\" height=\"421\" src=\"https:\/\/eptaeventi.it\/wp-content\/uploads\/2023\/04\/iprimidITALIA-logo2022-e1681377848979.png\" class=\"attachment-large size-large wp-image-1738\" alt=\"\" srcset=\"https:\/\/eptaeventi.it\/wp-content\/uploads\/2023\/04\/iprimidITALIA-logo2022-e1681377848979.png 530w, https:\/\/eptaeventi.it\/wp-content\/uploads\/2023\/04\/iprimidITALIA-logo2022-e1681377848979-300x238.png 300w\" sizes=\"100vw\" \/>\t\t\t\t\t\t\t\t\t\t\t\t\t\t\t<\/div>\n\t\t\t\t<\/div>\n\t\t\t\t<div class=\"elementor-element elementor-element-e54d727 elementor-widget elementor-widget-image\" data-id=\"e54d727\" data-element_type=\"widget\" data-e-type=\"widget\" data-widget_type=\"image.default\">\n\t\t\t\t<div class=\"elementor-widget-container\">\n\t\t\t\t\t\t\t\t\t\t\t\t\t\t\t<img decoding=\"async\" width=\"282\" height=\"188\" src=\"https:\/\/eptaeventi.it\/wp-content\/uploads\/2020\/09\/logo-expo-casa-2021_Tavola-disegno-1.png\" class=\"attachment-large size-large wp-image-777\" alt=\"\" sizes=\"100vw\" \/>\t\t\t\t\t\t\t\t\t\t\t\t\t\t\t<\/div>\n\t\t\t\t<\/div>\n\t\t\t\t<div class=\"elementor-element elementor-element-61cbb96 elementor-widget elementor-widget-image\" data-id=\"61cbb96\" data-element_type=\"widget\" data-e-type=\"widget\" data-widget_type=\"image.default\">\n\t\t\t\t<div class=\"elementor-widget-container\">\n\t\t\t\t\t\t\t\t\t\t\t\t\t\t\t<img decoding=\"async\" width=\"300\" height=\"182\" src=\"https:\/\/eptaeventi.it\/wp-content\/uploads\/2025\/04\/TECNOCOM-COLOR-1-300x182.png\" class=\"attachment-medium size-medium wp-image-1854\" alt=\"\" srcset=\"https:\/\/eptaeventi.it\/wp-content\/uploads\/2025\/04\/TECNOCOM-COLOR-1-300x182.png 300w, https:\/\/eptaeventi.it\/wp-content\/uploads\/2025\/04\/TECNOCOM-COLOR-1.png 670w\" sizes=\"100vw\" \/>\t\t\t\t\t\t\t\t\t\t\t\t\t\t\t<\/div>\n\t\t\t\t<\/div>\n\t\t\t\t<div class=\"elementor-element elementor-element-43d7f84 elementor-widget elementor-widget-image\" data-id=\"43d7f84\" data-element_type=\"widget\" data-e-type=\"widget\" data-widget_type=\"image.default\">\n\t\t\t\t<div class=\"elementor-widget-container\">\n\t\t\t\t\t\t\t\t\t\t\t\t\t\t\t<img loading=\"lazy\" decoding=\"async\" width=\"166\" height=\"188\" src=\"https:\/\/eptaeventi.it\/wp-content\/uploads\/2020\/09\/logo-dolci_Tavola-disegno-1.png\" class=\"attachment-medium size-medium wp-image-903\" alt=\"\" sizes=\"100vw\" \/>\t\t\t\t\t\t\t\t\t\t\t\t\t\t\t<\/div>\n\t\t\t\t<\/div>\n\t\t\t\t<div class=\"elementor-element elementor-element-cc8cae1 elementor-widget elementor-widget-image\" data-id=\"cc8cae1\" data-element_type=\"widget\" data-e-type=\"widget\" data-widget_type=\"image.default\">\n\t\t\t\t<div class=\"elementor-widget-container\">\n\t\t\t\t\t\t\t\t\t\t\t\t\t\t\t<img loading=\"lazy\" decoding=\"async\" width=\"300\" height=\"150\" src=\"https:\/\/eptaeventi.it\/wp-content\/uploads\/2020\/09\/logo-BR-300x150.png\" class=\"attachment-medium size-medium wp-image-941\" alt=\"\" srcset=\"https:\/\/eptaeventi.it\/wp-content\/uploads\/2020\/09\/logo-BR-300x150.png 300w, https:\/\/eptaeventi.it\/wp-content\/uploads\/2020\/09\/logo-BR-1024x512.png 1024w, https:\/\/eptaeventi.it\/wp-content\/uploads\/2020\/09\/logo-BR-768x384.png 768w, https:\/\/eptaeventi.it\/wp-content\/uploads\/2020\/09\/logo-BR-1536x768.png 1536w, https:\/\/eptaeventi.it\/wp-content\/uploads\/2020\/09\/logo-BR-2048x1024.png 2048w, https:\/\/eptaeventi.it\/wp-content\/uploads\/2020\/09\/logo-BR-2000x1000.png 2000w\" sizes=\"100vw\" \/>\t\t\t\t\t\t\t\t\t\t\t\t\t\t\t<\/div>\n\t\t\t\t<\/div>\n\t\t\t\t\t<\/div>\n\t\t\t\t<\/div>\n\t\t<div class=\"elementor-element elementor-element-031a549 e-con-full e-flex e-con e-parent\" data-id=\"031a549\" data-element_type=\"container\" data-e-type=\"container\">\n\t\t\t\t<div class=\"elementor-element elementor-element-0af85b2 elementor-widget elementor-widget-text-editor\" data-id=\"0af85b2\" data-element_type=\"widget\" data-e-type=\"widget\" data-widget_type=\"text-editor.default\">\n\t\t\t\t<div class=\"elementor-widget-container\">\n\t\t\t\t\t\t\t\t\t<p>Epta S.r.l. Socio Unico Confcommercio Umbria &#8211; Codice Fiscale e P.Iva 01565000542 &#8211; Iscrizione REA PG n. 147164 \/ Capitale Sociale \u20ac 50.000,00<\/p>\t\t\t\t\t\t\t\t<\/div>\n\t\t\t\t<\/div>\n\t\t\t\t<\/div>\n\t\t\t\t<\/div>\n\t\t","protected":false},"excerpt":{"rendered":"<p>Epta Srl \u00e8 la societ\u00e0 di servizi di Confcommercio Umbria, specializzata da oltre quarant\u2019anni nella progettazione, organizzazione e gestione di grandi eventi e fiere su scala regionale e nazionale. Con un\u2019esperienza consolidata e uno sguardo sempre rivolto al futuro, Epta si pone come partner strategico per tutte quelle realt\u00e0 \u2013 aziende, enti pubblici, associazioni di &hellip; <\/p>\n<p class=\"link-more\"><a href=\"https:\/\/eptaeventi.it\/\" class=\"more-link\">Leggi tutto<span class=\"screen-reader-text\"> &#8220;&#8221;<\/span><\/a><\/p>\n","protected":false},"author":1,"featured_media":0,"parent":0,"menu_order":0,"comment_status":"closed","ping_status":"closed","template":"","meta":{"inspiro_hide_title":false,"footnotes":""},"class_list":["post-2","page","type-page","status-publish","hentry"],"_links":{"self":[{"href":"https:\/\/eptaeventi.it\/index.php?rest_route=\/wp\/v2\/pages\/2","targetHints":{"allow":["GET"]}}],"collection":[{"href":"https:\/\/eptaeventi.it\/index.php?rest_route=\/wp\/v2\/pages"}],"about":[{"href":"https:\/\/eptaeventi.it\/index.php?rest_route=\/wp\/v2\/types\/page"}],"author":[{"embeddable":true,"href":"https:\/\/eptaeventi.it\/index.php?rest_route=\/wp\/v2\/users\/1"}],"replies":[{"embeddable":true,"href":"https:\/\/eptaeventi.it\/index.php?rest_route=%2Fwp%2Fv2%2Fcomments&post=2"}],"version-history":[{"count":44,"href":"https:\/\/eptaeventi.it\/index.php?rest_route=\/wp\/v2\/pages\/2\/revisions"}],"predecessor-version":[{"id":1881,"href":"https:\/\/eptaeventi.it\/index.php?rest_route=\/wp\/v2\/pages\/2\/revisions\/1881"}],"wp:attachment":[{"href":"https:\/\/eptaeventi.it\/index.php?rest_route=%2Fwp%2Fv2%2Fmedia&parent=2"}],"curies":[{"name":"wp","href":"https:\/\/api.w.org\/{rel}","templated":true}]}}