{"id":3,"date":"2019-05-03T09:25:48","date_gmt":"2019-05-03T09:25:48","guid":{"rendered":"https:\/\/eptaeventi.it\/?page_id=3"},"modified":"2025-01-16T15:39:55","modified_gmt":"2025-01-16T15:39:55","slug":"privacy-policy","status":"publish","type":"page","link":"https:\/\/eptaeventi.it\/?page_id=3","title":{"rendered":"Privacy Policy"},"content":{"rendered":"<div class=\"brz-root__container brz-reset-all brz brz-root__container-page\">\n<section id=\"_xqdyrskwuaumhszjayftfhoxqqeryzzwfdrb\" class=\"brz-section brz-css-utup5o\">\n<div class=\"brz-section__content brz-section--boxed brz-css-txz35p brz-css-1diiq3b\" data-brz-custom-id=\"ohbhbpjuvwzrsxcemdtmzmhxxgbufosdvwcc\">\n<div class=\"brz-container brz-css-dkuvg0 brz-css-ioqaa3\">\n<div id=\"\" class=\"brz-css-xv3oxw brz-css-13h0jmi brz-wrapper\">\n<div class=\"brz-line brz-line-default brz-css-1gmmzwq brz-css-17dnjup\" data-brz-custom-id=\"fjwjhtsmxhxqekthxcpcxtbmfoejxxyexxay\">\n<hr class=\"brz-hr\"><\/div>\n<\/div>\n<div id=\"\" class=\"brz-css-xv3oxw brz-css-17hcfts brz-css-zifoem brz-wrapper\">\n<div class=\"brz-spacer brz-css-1ya8pw5 brz-css-hjwqlv\"><\/div>\n<\/div>\n<div class=\"brz-row__container brz-css-1si5g0k brz-css-1hw7y28\" data-brz-custom-id=\"fbpdeyopoaeuganfqfronnydgybcnqhocwgp\">\n<div class=\"brz-bg\"><\/div>\n<div class=\"brz-row brz-css-b5xhwk brz-css-p1ttgi\">\n<div class=\"brz-columns brz-css-1kk5iua brz-css-q707uj\" data-brz-custom-id=\"mhbmzjhmuygkhjjzqrlewsnuysfxqfjysowj\">\n<div class=\"brz-bg\"><\/div>\n<div class=\"brz-column__items brz-css-dnlcfv brz-css-1a9cxnx\">\n<div id=\"\" class=\"brz-css-xv3oxw brz-wrapper\">\n<div class=\"brz-rich-text brz-rich-text__custom brz-css-p0khil\" data-brz-custom-id=\"pdhxirghjhxsnxkqanmwqzdvtgoykycqfcuq\">\n<div data-brz-translate-text=\"1\">\n<h2 class=\"brz-tp-heading2 brz-css-weXSe\"><span class=\"brz-cp-color2\">Privacy Policy<\/span><\/h2>\n<\/div>\n<\/div>\n<\/div>\n<\/div>\n<\/div>\n<\/div>\n<\/div>\n<div id=\"\" class=\"brz-css-xv3oxw brz-css-17hcfts brz-css-1izevb7 brz-wrapper\">\n<div class=\"brz-spacer brz-css-1ya8pw5 brz-css-1fjj1ln\"><\/div>\n<\/div>\n<div id=\"\" class=\"brz-css-xv3oxw brz-wrapper\">\n<div class=\"brz-line brz-line-default brz-css-1gmmzwq brz-css-wyftlq\" data-brz-custom-id=\"qqkqqaceoxtcbnpcuosaqcwmmwmbjwctjfjd\">\n<hr class=\"brz-hr\"><\/div>\n<\/div>\n<div id=\"\" class=\"brz-css-xv3oxw brz-css-17hcfts brz-css-1fxrmv3 brz-wrapper\">\n<div class=\"brz-spacer brz-css-1ya8pw5 brz-css-1h3657b\"><\/div>\n<\/div>\n<div id=\"\" class=\"brz-css-xv3oxw brz-wrapper\">\n<div class=\"brz-rich-text brz-rich-text__custom brz-css-p0khil\" data-brz-custom-id=\"xbryqvnrnrsogvxnfmdurwnmtcvsifoypdwf\">\n<div data-brz-translate-text=\"1\">\n<p class=\"brz-css-dNPGv\"><strong class=\"brz-cp-color7\">Informativa sulla privacy ai sensi degli artt. 13 e 14 del Regolamento (UE) 2016\/679<\/strong><\/p>\n<p class=\"brz-css-ad3T1\"><strong class=\"brz-cp-color7\"> <\/strong><\/p>\n<p class=\"brz-css-iRgTj\"><span class=\"brz-cp-color7\">La corretta gestione dei Suoi dati e la fiducia che Lei ripone nei nostri prodotti e servizi sono per noi una priorit\u00e0. Per darLe il meglio in tutto ci\u00f2 che facciamo ci impegniamo nel miglioramento continuo e proprio in quest\u2019ottica desideriamo informarLa in modo completo e trasparente su come trattiamo e proteggiamo i Suoi dati personali.<\/span><\/p>\n<p class=\"brz-css-sUTbW\"><span class=\"brz-cp-color7\"> <\/span><\/p>\n<p class=\"brz-css-y_Udo\"><span class=\"brz-cp-color7\">Il presente documento (\u201cinformativa\u201d) intende fornire indicazioni esclusivamente in merito al trattamento delle informazioni relative agli utenti che usufruiscono dei servizi del sito web di&nbsp;Epta s.r.l.,&nbsp;accessibile all\u2019indirizzo&nbsp;www.eptaeventi.it &nbsp;tali dati verranno raccolti e trattati da&nbsp;<\/span><strong class=\"brz-cp-color7\">Epta s.r.l.<\/strong><span class=\"brz-cp-color7\"> e\/o da altri soggetti individuati per le finalit\u00e0 di seguito indicate.<\/span><\/p>\n<p class=\"brz-css-h8YjJ\"><span class=\"brz-cp-color7\"> <\/span><\/p>\n<p class=\"brz-css-xg7VJ\"><span class=\"brz-cp-color7\">L\u2019Informativa, in particolare, \u00e8 resa ai sensi degli artt. 13 e 14 del Regolamento (UE) 2016\/679 (GDPR) e riguarda esclusivamente il predetto sito web:&nbsp;<\/span><strong class=\"brz-cp-color7\">pertanto non riguarda eventuali altri siti web raggiungibili dall\u2019utente tramite i link presenti sullo stesso<\/strong><span class=\"brz-cp-color7\">.<\/span><\/p>\n<p class=\"brz-css-hp2kh\"><\/p>\n<p class=\"brz-css-pSu5k\">\n<p class=\"brz-css-tfUIN\"><strong class=\"brz-cp-color7\">Titolare del trattamento<\/strong><\/p>\n<p class=\"brz-css-hMqvc\"><span class=\"brz-cp-color7\"> <\/span><\/p>\n<p class=\"brz-css-sr76l\"><span class=\"brz-cp-color7\">Il Titolare del trattamento, ovverosia la persona giuridica che determina le finalit\u00e0 e i mezzi di trattamento dei dati personali, \u00e8Epta s.r.l. \u2013 Via Settevalli 320, 06124 \u2013 Perugia (PG) \u2013 Tel. 075 5005577 \u2013 privacy@eptaeventi.it- www.eptaeventi.it- PARTITA I.V.A. 01565000542<\/span><\/p>\n<p class=\"brz-css-nm6FL\"><span class=\"brz-cp-color7\"> <\/span><\/p>\n<p class=\"brz-css-hlNXB\"><span class=\"brz-cp-color7\">Categorie di dati personali trattati<\/span><\/p>\n<p class=\"brz-css-rtY3m\"><span class=\"brz-cp-color7\"> <\/span><\/p>\n<p class=\"brz-css-rnP_4\"><span class=\"brz-cp-color7\">Di seguito le informazioni che&nbsp;Epta s.r.l.&nbsp;potr\u00e0 trattare tramite il proprio sito web, nei limiti delle finalit\u00e0 e delle modalit\u00e0 descritte nella presente informativa, e che possono essere considerate come dati personali ai sensi del Regolamento.<\/span><\/p>\n<p class=\"brz-css-kk6nX\"><span class=\"brz-cp-color7\"> <\/span><\/p>\n<p class=\"brz-css-bIaMi\"><strong class=\"brz-cp-color7\">Dati di navigazione<\/strong><\/p>\n<p class=\"brz-css-dIUAj\"><span class=\"brz-cp-color7\"> <\/span><\/p>\n<p class=\"brz-css-eyQ1A\"><span class=\"brz-cp-color7\">I sistemi informatici e le procedure software preposte al funzionamento di questo sito web acquisiscono, nel corso del loro normale esercizio, alcuni dati personali la cui trasmissione \u00e8 implicita nell\u2019uso dei protocolli di comunicazione di internet. Si tratta di informazioni che non sono raccolte per essere associate a soggetti identificati, ma che per loro stessa natura potrebbero, attraverso elaborazioni ed associazioni con dati detenuti da terzi, permettere di identificare gli utenti.<\/span><\/p>\n<p class=\"brz-css-zC2_R\"><span class=\"brz-cp-color7\"> <\/span><\/p>\n<p class=\"brz-css-ngFAm\"><span class=\"brz-cp-color7\">In questa categoria di dati rientrano gli indirizzi IP o i nomi a dominio dei computer utilizzati dagli utenti che si connettono al sito web, gli indirizzi in notazione URI (Uniform Resource Identifier) delle risorse richieste, l\u2019orario della richiesta, il metodo utilizzato nel sottoporre la richiesta al server, la dimensione del file ottenuto in risposta, il codice numerico indicante lo stato della risposta data dal server (buon fine, errore, ecc.) ed altri parametri relativi al sistema operativo e all\u2019ambiente informatico dell\u2019utente. Questi dati vengono utilizzati al solo fine di controllare il corretto funzionamento del sito web.<\/span><\/p>\n<p class=\"brz-css-uOMJp\"><span class=\"brz-cp-color7\"> <\/span><\/p>\n<p class=\"brz-css-gwCBG\"><strong class=\"brz-cp-color7\">Dati forniti volontariamente dall\u2019utente <\/strong><\/p>\n<p class=\"brz-css-jqQiF\"><span class=\"brz-cp-color7\"> <\/span><\/p>\n<p class=\"brz-css-vFz4Z\"><span class=\"brz-cp-color7\">L\u2019invio facoltativo, esplicito e volontario di posta elettronica agli indirizzi indicati su questo sito web nonch\u00e9 di richieste tramite il modulo di contatto alla pagina&nbsp;www.eptaeventi.itla successiva acquisizione dell\u2019indirizzo e-mail e degli eventuali altri dati personali inseriti nella comunicazione elettronica, nonch\u00e9 dei dati del mittente\/utente, necessari per rispondere alle richieste o per erogare il servizio. Specifiche informative anche sintetiche verranno rese per particolari servizi, ove proposti.<\/span><\/p>\n<p class=\"brz-css-nRLmY\"><\/p>\n<p class=\"brz-css-mp8mQ\"><strong class=\"brz-cp-color7\">Finalit\u00e0&nbsp;e base giuridica del trattamento<\/strong><\/p>\n<p class=\"brz-css-gqygr\"><span class=\"brz-cp-color7\"> <\/span><\/p>\n<p class=\"brz-css-vT5CA\"><span class=\"brz-cp-color7\">I dati personali forniti dagli utenti che inoltrano richieste di invio di materiale informativo sono utilizzati al solo fine di fornire il servizio o la prestazione richiesta, e potranno essere conosciuti da dipendenti e collaboratori&nbsp;Epta s.r.l., debitamente istruiti circa le cautele e le garanzie da adottare nel trattamento delle informazioni in questione, nonch\u00e9 da soggetti terzi che prestano servizi accessori o strumentali all\u2019attivit\u00e0 di&nbsp;Epta s.r.l.&nbsp;con i quali sono stati sottoscritti accordi specifici in adempimento di quanto prescritto dal Regolamento.<\/span><\/p>\n<p class=\"brz-css-kJPr2\"><span class=\"brz-cp-color7\"> <\/span><\/p>\n<p class=\"brz-css-jWx91\"><span class=\"brz-cp-color7\">Ulteriori finalit\u00e0 saranno indicate agli utenti in ragione dei servizi specifici, ove proposti, che utilizzeranno a partire dalle pagine dedicate e disponibili sul presente sito web.<\/span><\/p>\n<p class=\"brz-css-kjN2z\"><\/p>\n<p class=\"brz-css-u1fLN\">\n<p class=\"brz-css-w1R0c\"><strong class=\"brz-cp-color7\">Modalit\u00e0&nbsp;di trattamento<\/strong><\/p>\n<p class=\"brz-css-pHR3Q\"><span class=\"brz-cp-color7\"> <\/span><\/p>\n<p class=\"brz-css-r46wd\"><span class=\"brz-cp-color7\">Il trattamento dei dati personali avverr\u00e0 mediante strumenti manuali, informatici o telematici, idonei a garantirne la sicurezza e la riservatezza e verr\u00e0 eseguito da personale debitamente istruito al rispetto del Regolamento.<\/span><\/p>\n<p class=\"brz-css-vTS3A\"><span class=\"brz-cp-color7\"> <\/span><\/p>\n<p class=\"brz-css-cvqjx\"><span class=\"brz-cp-color7\">In ragione poi del consenso espresso dall\u2019utente, \u00e8 possibile che lo stesso sia contattato via e-mail, sms, o attraverso ogni strumento elettronico equivalente oppure a mezzo posta cartacea o chiamata tramite operatore a tutti i recapiti forniti. Ove prediliga essere contattato solo ad uno o alcuni di tali recapiti, ne potr\u00e0 fare espressa richiesta mediante e-mail all\u2019indirizzo di posta elettronica&nbsp;privacy@eptaeventi.it<\/span><\/p>\n<p class=\"brz-css-oY7NY\"><\/p>\n<p class=\"brz-css-uoLAR\"><strong class=\"brz-cp-color7\"> Utilizzo dei cookie<\/strong><\/p>\n<p class=\"brz-css-puMcX\"><span class=\"brz-cp-color7\"> <\/span><\/p>\n<p class=\"brz-css-fCnVt\"><span class=\"brz-cp-color7\">Il sito web di&nbsp;Epta s.r.l.&nbsp;utilizza tecniche informatiche per l\u2019acquisizione diretta di dati personali identificativi dell\u2019utente. Per le tipologie di cookie utilizzate, si prega di prendere visione della \u201cCookie Policy\u201d.<\/span><\/p>\n<p class=\"brz-css-ilXf7\"><span class=\"brz-cp-color7\"> <\/span><\/p>\n<p class=\"brz-css-uPRHg\"><strong class=\"brz-cp-color7\">Ambito di comunicazione dei dati personali<\/strong><\/p>\n<p class=\"brz-css-f75PW\"><span class=\"brz-cp-color7\"> <\/span><\/p>\n<p class=\"brz-css-fQSCV\"><span class=\"brz-cp-color7\">In ragione dei trattamenti che l\u2019utente potr\u00e0 autorizzare, i dati personali potranno essere comunicati ai soggetti che erogano servizi relativi all\u2019attivit\u00e0 di&nbsp;Epta s.r.l.&nbsp;indicati nelle specifiche informative. Le informazioni potranno, inoltre, essere comunicate ogni qualvolta la comunicazione possa essere necessaria per adempiere a richieste dell\u2019Autorit\u00e0 Giudiziaria o di Pubblica Sicurezza. I dati personali raccolti non verranno in nessun caso diffusi.<\/span><\/p>\n<p class=\"brz-css-jSm10\"><span class=\"brz-cp-color7\"> <\/span><\/p>\n<p class=\"brz-css-sekQ4\"><strong class=\"brz-cp-color7\">Periodo di conservazione dei dati (criteri di determinazione)<\/strong><\/p>\n<p class=\"brz-css-oM7ml\"><span class=\"brz-cp-color7\"> <\/span><\/p>\n<p class=\"brz-css-cU8Mm\"><span class=\"brz-cp-color7\">I dati personali forniti volontariamente dall\u2019utente tramite modulo di contatto vengono conservati esclusivamente per il tempo necessario a fornire un riscontro alla vostra richiesta e poi cancellati immediatamente, ad eccezione di quelli necessari per la gestione di un eventuale rapporto contrattuale che dovesse instaurarsi tra l\u2019utente e&nbsp;Epta s.r.l.&nbsp;in base ad una sua richiesta di erogazione dei servizi dell\u2019azienda e per i quali si rinvia a specifica informativa che potr\u00e0 essere richiesta a&nbsp;Epta s.r.l.<\/span><\/p>\n<p class=\"brz-css-e7MBW\"><span class=\"brz-cp-color7\"> <\/span><\/p>\n<p class=\"brz-css-asvPh\"><span class=\"brz-cp-color7\">Le informazioni relative alla navigazione verranno conservate al massimo per sei mesi successivi alla raccolta, salvo il caso in cui debbano essere utilizzate per l\u2019accertamento di responsabilit\u00e0 in caso di reati informatici ai danni del sito web: in questo caso, le informazioni verranno tenute a disposizione dell\u2019Autorit\u00e0 per il tempo necessario a garantire a&nbsp;Epta s.r.l.l\u2019esercizio dei propri diritti di difesa.<\/span><\/p>\n<p class=\"brz-css-ntxrc\"><\/p>\n<p class=\"brz-tp-paragraph brz-css-hcizb\"><\/p>\n<p class=\"brz-tp-paragraph brz-css-tE4FO\"><strong class=\"brz-cp-color7\">Diritti riconosciuti all\u2019utente<\/strong><\/p>\n<p class=\"brz-tp-paragraph brz-css-wGLVD\"><span class=\"brz-cp-color7\">Il Regolamento (UE) 2016\/679 riconosce agli utenti una serie di diritti tra cui, a mero titolo esemplificativo, il diritto:<\/span><\/p>\n<ol>\n<li class=\"brz-tp-paragraph brz-bcp-color7 brz-css-uw2HJ\"><span class=\"brz-cp-color7\">di accedere ai propri dati personali;<\/span><\/li>\n<li class=\"brz-tp-paragraph brz-bcp-color7 brz-css-z6hSp\"><span class=\"brz-cp-color7\">di chiederne la rettifica;<\/span><\/li>\n<li class=\"brz-tp-paragraph brz-bcp-color7 brz-css-df4VO\"><span class=\"brz-cp-color7\">di chiederne l\u2019aggiornamento e la cancellazione, se incompleti, erronei o raccolti in violazione della legge;<\/span><\/li>\n<li class=\"brz-tp-paragraph brz-bcp-color7 brz-css-zXC3y\"><span class=\"brz-cp-color7\">di chiedere che il trattamento sia limitato ad una parte delle informazioni che li riguardano;<\/span><\/li>\n<li class=\"brz-tp-paragraph brz-bcp-color7 brz-css-uUQRA\"><span class=\"brz-cp-color7\">di trasmettere agli stessi o a terzi da questi indicati le informazioni che li riguardano (c.d. \u201cportabilit\u00e0 dei dati\u201d);<\/span><\/li>\n<li class=\"brz-tp-paragraph brz-bcp-color7 brz-css-b3BKW\"><span class=\"brz-cp-color7\">di opporsi al loro trattamento per motivi legittimi;<\/span><\/li>\n<li class=\"brz-tp-paragraph brz-bcp-color7 brz-css-vM8sF\"><span class=\"brz-cp-color7\">di revocare il proprio consenso in qualsiasi momento mediante richiesta scritta rivolta senza formalit\u00e0 ai contatti del Titolare del trattamento indicati nella presente informativa.<\/span><\/li>\n<\/ol>\n<p class=\"brz-fs-lg-16 brz-fs-sm-im-15 brz-fs-xs-im-15 brz-ls-lg-0 brz-ls-sm-im-0 brz-ls-xs-im-0 brz-ff-overpass brz-ft-google brz-fw-lg-400 brz-fw-sm-im-400 brz-fw-xs-im-400 brz-lh-lg-1_5 brz-lh-sm-im-1_2 brz-lh-xs-im-1_2 brz-css-eFTgu\"><span class=\"brz-cp-color7\"> <\/span><\/p>\n<p class=\"brz-fs-lg-16 brz-fs-sm-im-15 brz-fs-xs-im-15 brz-ls-lg-0 brz-ls-sm-im-0 brz-ls-xs-im-0 brz-ff-overpass brz-ft-google brz-fw-lg-400 brz-fw-sm-im-400 brz-fw-xs-im-400 brz-lh-lg-1_5 brz-lh-sm-im-1_2 brz-lh-xs-im-1_2 brz-css-hbu69\"><span class=\"brz-cp-color7\">Si ricorda che, laddove il riscontro alle richieste non possa essere stato considerato soddisfacente, l\u2019utente potr\u00e0 rivolgersi e proporre reclamo all\u2019Autorit\u00e0 Garante per la protezione dei dati personali (www.garanteprivacy.it) nei modi previsti dalla normativa<\/span><\/p>\n<\/div>\n<\/div>\n<\/div>\n<\/div>\n<\/div>\n<\/section>\n<\/div>\n<p>    <!-- version:1737041995 --><\/p>\n","protected":false},"excerpt":{"rendered":"<p>Privacy Policy Informativa sulla privacy ai sensi degli artt. 13 e 14 del Regolamento (UE) 2016\/679 La corretta gestione dei Suoi dati e la fiducia che Lei ripone nei nostri prodotti e servizi sono per noi una priorit\u00e0. Per darLe il meglio in tutto ci\u00f2 che facciamo ci impegniamo nel miglioramento continuo e proprio in &hellip; <\/p>\n<p class=\"link-more\"><a href=\"https:\/\/eptaeventi.it\/?page_id=3\" class=\"more-link\">Leggi tutto<span class=\"screen-reader-text\"> &#8220;Privacy Policy&#8221;<\/span><\/a><\/p>\n","protected":false},"author":1,"featured_media":0,"parent":0,"menu_order":0,"comment_status":"closed","ping_status":"closed","template":"brizy-blank-template.php","meta":{"inspiro_hide_title":false,"footnotes":""},"class_list":["post-3","page","type-page","status-publish","hentry"],"_links":{"self":[{"href":"https:\/\/eptaeventi.it\/index.php?rest_route=\/wp\/v2\/pages\/3","targetHints":{"allow":["GET"]}}],"collection":[{"href":"https:\/\/eptaeventi.it\/index.php?rest_route=\/wp\/v2\/pages"}],"about":[{"href":"https:\/\/eptaeventi.it\/index.php?rest_route=\/wp\/v2\/types\/page"}],"author":[{"embeddable":true,"href":"https:\/\/eptaeventi.it\/index.php?rest_route=\/wp\/v2\/users\/1"}],"replies":[{"embeddable":true,"href":"https:\/\/eptaeventi.it\/index.php?rest_route=%2Fwp%2Fv2%2Fcomments&post=3"}],"version-history":[{"count":7,"href":"https:\/\/eptaeventi.it\/index.php?rest_route=\/wp\/v2\/pages\/3\/revisions"}],"predecessor-version":[{"id":1658,"href":"https:\/\/eptaeventi.it\/index.php?rest_route=\/wp\/v2\/pages\/3\/revisions\/1658"}],"wp:attachment":[{"href":"https:\/\/eptaeventi.it\/index.php?rest_route=%2Fwp%2Fv2%2Fmedia&parent=3"}],"curies":[{"name":"wp","href":"https:\/\/api.w.org\/{rel}","templated":true}]}}